{"id":79,"date":"2025-09-10T05:32:02","date_gmt":"2025-09-10T05:32:02","guid":{"rendered":"https:\/\/tallikotipesa.fi\/?page_id=79"},"modified":"2025-09-10T09:08:22","modified_gmt":"2025-09-10T06:08:22","slug":"terveysneuvonta","status":"publish","type":"page","link":"https:\/\/tallikotipesa.fi\/index.php\/terveysneuvonta\/","title":{"rendered":"TERVEYSNEUVONTA"},"content":{"rendered":"\n<p>Hevosen terveysneuvonta<\/p>\n\n\n\n<p><strong>HEVOSEN TERVEYSNEUVOJAn osaamisalueet<\/strong><\/p>\n\n\n\n<p>\u00a0\u00a0\u00a0\u00a0\u00a0\u00a0\u00a0\u00a0hevosen terveydenhuollon ammattilainen<\/p>\n\n\n\n<ul class=\"wp-block-list\">\n<li>Hevosen anatomia ja fysiologia<\/li>\n\n\n\n<li>Hevosen ruokinta<\/li>\n\n\n\n<li>Hevosen k\u00e4ytt\u00e4ytyminen<\/li>\n\n\n\n<li>Hevosen sairaudet sek\u00e4 ennaltaehk\u00e4isev\u00e4 terveydenhoito<\/li>\n\n\n\n<li>El\u00e4insuojelulaki, ilmoitusvelvollisuudet, toimiva ja lainmukainen talliymp\u00e4rist\u00f6, hevosen l\u00e4\u00e4kint\u00e4; l\u00e4\u00e4kkeiden varoajat ja doping sek\u00e4 hevosen h\u00e4vitt\u00e4minen<\/li>\n\n\n\n<li>Harrastustoiminta ja kilpaileminen sek\u00e4 hevosen hankinta<\/li>\n\n\n\n<li>Hevosen ensiapu sek\u00e4 riskit erityistilanteissa<\/li>\n\n\n\n<li>Erilaiset t\u00e4ydent\u00e4v\u00e4t hoitomuodot terveyden tukena sek\u00e4 sairauksien tukihoitoina&nbsp;<\/li>\n<\/ul>\n\n\n\n<ul class=\"wp-block-list\">\n<li>FYTOTERAPIA = yrttil\u00e4\u00e4kint\u00e4<\/li>\n\n\n\n<li>KUKKAUUTETERAPIA<\/li>\n\n\n\n<li>AKUUTTI HOMEOPATIA<\/li>\n\n\n\n<li>VASTA-AIHEET JA RAJOITUKSET ERILAISTEN HOITOJEN K\u00c4YT\u00d6LLE<\/li>\n<\/ul>\n\n\n\n<p>Mik\u00e4li olet vailla hevosen terveysneuvontapalveluita varaa oma aikasi nyt.<\/p>\n\n\n\n<p>Hevosen terveysneuvonta palvelujen hinnat l\u00f6yd\u00e4t HINNASTOsta.<\/p>\n\n\n\n<p>Terveysneuvojan palvelut eiv\u00e4t korvaa el\u00e4inl\u00e4\u00e4k\u00e4ripalveluja mill\u00e4\u00e4n tavalla tai mill\u00e4\u00e4n osa-alueilla. Mik\u00e4li hevosesi on el\u00e4inl\u00e4\u00e4k\u00e4rin hoidon tarpeessa, ota v\u00e4litt\u00f6m\u00e4sti yhteys paikalliseen el\u00e4inl\u00e4\u00e4k\u00e4riin.<\/p>\n\n\n\n<p><strong>Hevosen terveysneuvontapalvelut<\/strong><\/p>\n\n\n\n<p>Eritelty palveluhinnasto (kaikki hinnat sis. alv 25,5 %)<\/p>\n\n\n\n<p><strong>15<\/strong>&#8211;<strong>60min<\/strong>&nbsp;Lyhyt k\u00e4ynti esim. ns. tutustumisk\u00e4ynti,nopeat hoitotoimenpiteet (tai puhelinohjeistus) 30-50\u20ac\/k\u00e4ynti<\/p>\n\n\n\n<p><strong>1-2h<\/strong>&nbsp;Pidempi k\u00e4ynti pidempi kestoiset hoitotoimenpiteet 60\u20ac\/k\u00e4ynti<\/p>\n\n\n\n<p>-Fytoterapeuttiset (=yrttil\u00e4\u00e4kint\u00e4) tuotteet<\/p>\n\n\n\n<p>-Kukkauutetuotteet<\/p>\n\n\n\n<p>-Akuuttihomeopaattiset tuotteet<\/p>\n\n\n\n<p>-Yrttipohjaiset salvat, siirapit, linimentit, haude-\/haavahuuhdepohja&nbsp;&nbsp;&nbsp;&nbsp;&nbsp;&nbsp;&nbsp;&nbsp;&nbsp;&nbsp;&nbsp;&nbsp;&nbsp;&nbsp;&nbsp;&nbsp; <strong>5-20\u20ac\/tuote<\/strong><\/p>\n\n\n\n<figure class=\"wp-block-image size-full has-custom-border is-style-rounded is-style-rounded--1\"><img loading=\"lazy\" decoding=\"async\" width=\"926\" height=\"876\" src=\"https:\/\/tallikotipesa.fi\/wp-content\/uploads\/2025\/09\/romeo-carrots-MUOKATTU.jpg\" alt=\"\" class=\"wp-image-80\" style=\"border-style:none;border-width:0px;border-radius:50px;aspect-ratio:16\/9;object-fit:cover\" srcset=\"https:\/\/tallikotipesa.fi\/wp-content\/uploads\/2025\/09\/romeo-carrots-MUOKATTU.jpg 926w, https:\/\/tallikotipesa.fi\/wp-content\/uploads\/2025\/09\/romeo-carrots-MUOKATTU-300x284.jpg 300w, https:\/\/tallikotipesa.fi\/wp-content\/uploads\/2025\/09\/romeo-carrots-MUOKATTU-768x727.jpg 768w\" sizes=\"auto, (max-width: 926px) 100vw, 926px\" \/><\/figure>\n","protected":false},"excerpt":{"rendered":"<p>Hevosen terveysneuvonta HEVOSEN TERVEYSNEUVOJAn osaamisalueet \u00a0\u00a0\u00a0\u00a0\u00a0\u00a0\u00a0\u00a0hevosen terveydenhuollon ammattilainen Mik\u00e4li olet vailla hevosen terveysneuvontapalveluita varaa oma aikasi nyt. Hevosen terveysneuvonta palvelujen hinnat l\u00f6yd\u00e4t HINNASTOsta. Terveysneuvojan palvelut eiv\u00e4t korvaa el\u00e4inl\u00e4\u00e4k\u00e4ripalveluja mill\u00e4\u00e4n tavalla tai mill\u00e4\u00e4n osa-alueilla. Mik\u00e4li hevosesi on el\u00e4inl\u00e4\u00e4k\u00e4rin hoidon tarpeessa, ota v\u00e4litt\u00f6m\u00e4sti yhteys paikalliseen el\u00e4inl\u00e4\u00e4k\u00e4riin. Hevosen terveysneuvontapalvelut Eritelty palveluhinnasto (kaikki hinnat sis. alv 25,5 %) 15&#8211;60min&nbsp;Lyhyt [&hellip;]<\/p>\n","protected":false},"author":1,"featured_media":42,"parent":0,"menu_order":2,"comment_status":"closed","ping_status":"closed","template":"","meta":{"footnotes":""},"class_list":["post-79","page","type-page","status-publish","has-post-thumbnail","hentry"],"_links":{"self":[{"href":"https:\/\/tallikotipesa.fi\/index.php\/wp-json\/wp\/v2\/pages\/79","targetHints":{"allow":["GET"]}}],"collection":[{"href":"https:\/\/tallikotipesa.fi\/index.php\/wp-json\/wp\/v2\/pages"}],"about":[{"href":"https:\/\/tallikotipesa.fi\/index.php\/wp-json\/wp\/v2\/types\/page"}],"author":[{"embeddable":true,"href":"https:\/\/tallikotipesa.fi\/index.php\/wp-json\/wp\/v2\/users\/1"}],"replies":[{"embeddable":true,"href":"https:\/\/tallikotipesa.fi\/index.php\/wp-json\/wp\/v2\/comments?post=79"}],"version-history":[{"count":3,"href":"https:\/\/tallikotipesa.fi\/index.php\/wp-json\/wp\/v2\/pages\/79\/revisions"}],"predecessor-version":[{"id":99,"href":"https:\/\/tallikotipesa.fi\/index.php\/wp-json\/wp\/v2\/pages\/79\/revisions\/99"}],"wp:featuredmedia":[{"embeddable":true,"href":"https:\/\/tallikotipesa.fi\/index.php\/wp-json\/wp\/v2\/media\/42"}],"wp:attachment":[{"href":"https:\/\/tallikotipesa.fi\/index.php\/wp-json\/wp\/v2\/media?parent=79"}],"curies":[{"name":"wp","href":"https:\/\/api.w.org\/{rel}","templated":true}]}}