{"id":64,"date":"2025-09-09T08:33:11","date_gmt":"2025-09-09T08:33:11","guid":{"rendered":"https:\/\/tallikotipesa.fi\/?page_id=64"},"modified":"2025-09-10T05:57:15","modified_gmt":"2025-09-10T05:57:15","slug":"hinnasto-2","status":"publish","type":"page","link":"https:\/\/tallikotipesa.fi\/index.php\/hinnasto-2\/","title":{"rendered":"HINNASTO"},"content":{"rendered":"\n<p>Kaikki hinnat sis\u00e4lt\u00e4v\u00e4t ALV:n 25,5%<\/p>\n\n\n\n<p><\/p>\n\n\n\n<p><strong>HEVOSHIERONTA<\/strong>                                         65 \u20ac\/kerta      (kesto n. 40-60 min)                                                       <\/p>\n\n\n\n<p><strong>FASCIA-K\u00c4SITTELY<\/strong>                                      65 \u20ac\/kerta     (kesto n. 45 min)<\/p>\n\n\n\n<p><strong>HERMORATAHIERONTA<\/strong>                                75 \u20ac\/kerta      (kesto n. 60-80 min)<\/p>\n\n\n\n<p><strong>KOHDISTETTU FASCIA-K\u00c4SITTELY <\/strong>            35 \u20ac\/kerta      (kesto n. 30 min)<\/p>\n\n\n\n<p><strong>HEVOSEN TERVEYSNEUVONTA<\/strong>                   35 \u20ac\/kerta<\/p>\n\n\n\n<p><\/p>\n\n\n\n<p><\/p>\n\n\n\n<p><strong>HIERONTAKORTTI&nbsp;<\/strong><\/p>\n\n\n\n<p>5 x hieronta 290 \u20ac<\/p>\n\n\n\n<p>10 x hieronta 585 \u20ac<\/p>\n\n\n\n<p><\/p>\n\n\n\n<p><\/p>\n\n\n\n<p>KYSY TARJOUS, Mik\u00e4li tallissasi on useampi hierottava ja saamme sovittua s\u00e4\u00e4nn\u00f6llisen hierontakierron (3+ Hevosta)<\/p>\n\n\n\n<p><strong>Yli 30 km l\u00e4ht\u00f6pisteest\u00e4 m\u00e4\u00e4ritt\u00e4viss\u00e4 kohteissa lis\u00e4t\u00e4\u00e4n laskuun ylitt\u00e4neet km, korvaussummalla 0,53 \u20ac\/km<\/strong><\/p>\n","protected":false},"excerpt":{"rendered":"<p>Kaikki hinnat sis\u00e4lt\u00e4v\u00e4t ALV:n 25,5% HEVOSHIERONTA 65 \u20ac\/kerta (kesto n. 40-60 min) FASCIA-K\u00c4SITTELY 65 \u20ac\/kerta (kesto n. 45 min) HERMORATAHIERONTA 75 \u20ac\/kerta (kesto n. 60-80 min) KOHDISTETTU FASCIA-K\u00c4SITTELY 35 \u20ac\/kerta (kesto n. 30 min) HEVOSEN TERVEYSNEUVONTA 35 \u20ac\/kerta HIERONTAKORTTI&nbsp; 5 x hieronta 290 \u20ac 10 x hieronta 585 \u20ac KYSY TARJOUS, Mik\u00e4li tallissasi on useampi [&hellip;]<\/p>\n","protected":false},"author":1,"featured_media":65,"parent":0,"menu_order":1,"comment_status":"closed","ping_status":"closed","template":"","meta":{"footnotes":""},"class_list":["post-64","page","type-page","status-publish","has-post-thumbnail","hentry"],"_links":{"self":[{"href":"https:\/\/tallikotipesa.fi\/index.php\/wp-json\/wp\/v2\/pages\/64","targetHints":{"allow":["GET"]}}],"collection":[{"href":"https:\/\/tallikotipesa.fi\/index.php\/wp-json\/wp\/v2\/pages"}],"about":[{"href":"https:\/\/tallikotipesa.fi\/index.php\/wp-json\/wp\/v2\/types\/page"}],"author":[{"embeddable":true,"href":"https:\/\/tallikotipesa.fi\/index.php\/wp-json\/wp\/v2\/users\/1"}],"replies":[{"embeddable":true,"href":"https:\/\/tallikotipesa.fi\/index.php\/wp-json\/wp\/v2\/comments?post=64"}],"version-history":[{"count":1,"href":"https:\/\/tallikotipesa.fi\/index.php\/wp-json\/wp\/v2\/pages\/64\/revisions"}],"predecessor-version":[{"id":74,"href":"https:\/\/tallikotipesa.fi\/index.php\/wp-json\/wp\/v2\/pages\/64\/revisions\/74"}],"wp:featuredmedia":[{"embeddable":true,"href":"https:\/\/tallikotipesa.fi\/index.php\/wp-json\/wp\/v2\/media\/65"}],"wp:attachment":[{"href":"https:\/\/tallikotipesa.fi\/index.php\/wp-json\/wp\/v2\/media?parent=64"}],"curies":[{"name":"wp","href":"https:\/\/api.w.org\/{rel}","templated":true}]}}